{"id":2765,"date":"2022-05-29T19:24:28","date_gmt":"2022-05-29T17:24:28","guid":{"rendered":"https:\/\/marekmandela.pl\/?page_id=2765"},"modified":"2022-05-29T20:13:43","modified_gmt":"2022-05-29T18:13:43","slug":"o-mnie","status":"publish","type":"page","link":"https:\/\/marekmandela.pl\/?page_id=2765","title":{"rendered":"O mnie"},"content":{"rendered":"\t\t<div data-elementor-type=\"wp-page\" data-elementor-id=\"2765\" class=\"elementor elementor-2765\" data-elementor-settings=\"{&quot;ha_cmc_init_switcher&quot;:&quot;no&quot;}\">\n\t\t\t\t\t\t<section class=\"elementor-section elementor-top-section elementor-element elementor-element-ce97def elementor-section-content-middle elementor-section-boxed elementor-section-height-default elementor-section-height-default\" data-id=\"ce97def\" data-element_type=\"section\" data-settings=\"{&quot;background_background&quot;:&quot;slideshow&quot;,&quot;background_slideshow_gallery&quot;:[{&quot;id&quot;:2768,&quot;url&quot;:&quot;https:\\\/\\\/marekmandela.pl\\\/wp-content\\\/uploads\\\/2022\\\/05\\\/giammarco-zeH-ljawHtg-unsplash.jpeg&quot;}],&quot;background_slideshow_loop&quot;:&quot;yes&quot;,&quot;background_slideshow_slide_duration&quot;:5000,&quot;background_slideshow_slide_transition&quot;:&quot;fade&quot;,&quot;background_slideshow_transition_duration&quot;:500,&quot;_ha_eqh_enable&quot;:false}\">\n\t\t\t\t\t\t\t<div class=\"elementor-background-overlay\"><\/div>\n\t\t\t\t\t\t\t<div class=\"elementor-container elementor-column-gap-default\">\n\t\t\t\t\t<div class=\"elementor-column elementor-col-50 elementor-top-column elementor-element elementor-element-1570068 elementor-invisible\" data-id=\"1570068\" data-element_type=\"column\" data-settings=\"{&quot;animation&quot;:&quot;fadeInDown&quot;}\">\n\t\t\t<div class=\"elementor-widget-wrap elementor-element-populated\">\n\t\t\t\t\t\t<div class=\"elementor-element elementor-element-581eb48 elementor-widget elementor-widget-heading\" data-id=\"581eb48\" data-element_type=\"widget\" data-widget_type=\"heading.default\">\n\t\t\t\t<div class=\"elementor-widget-container\">\n\t\t\t\t\t<h1 class=\"elementor-heading-title elementor-size-default\">O MNIE<\/h1>\t\t\t\t<\/div>\n\t\t\t\t<\/div>\n\t\t\t\t\t<\/div>\n\t\t<\/div>\n\t\t\t\t<div class=\"elementor-column elementor-col-50 elementor-top-column elementor-element elementor-element-b7c57c5 elementor-invisible\" data-id=\"b7c57c5\" data-element_type=\"column\" data-settings=\"{&quot;background_background&quot;:&quot;classic&quot;,&quot;animation&quot;:&quot;fadeInUp&quot;}\">\n\t\t\t<div class=\"elementor-widget-wrap elementor-element-populated\">\n\t\t\t\t\t\t<div class=\"elementor-element elementor-element-60bb08e elementor-widget elementor-widget-text-editor\" data-id=\"60bb08e\" data-element_type=\"widget\" data-widget_type=\"text-editor.default\">\n\t\t\t\t<div class=\"elementor-widget-container\">\n\t\t\t\t\t\t\t\t\t<p><span style=\"font-weight: 400;\">Adwokat Marek Mandela uko\u0144czy\u0142 Prawo na Katolickim Uniwersytecie Lubelskim Jana Paw\u0142a II w Lublinie. W 2015 r. by\u0142 Stypendyst\u0105 Stypendium Rektora Katolickiego Uniwersytetu\u00a0 Lubelskiego Jana Paw\u0142a II dla najlepszych student\u00f3w oraz Stypendyst\u0105 Studenckiego Stypendium Marsza\u0142ka Wojew\u00f3dztwa Lubelskiego w 2015 r. W 2013 r. i 2014 r. uczestniczy\u0142 w Mi\u0119dzynarodowym Programie Badawczo-Naukowym \u201eM\u0142odzi Naukowcy- Ku Przysz\u0142o\u015bci\u201d. Zako\u0144czonym Publikacj\u0105 artyku\u0142u naukowego pt. \u201ePedofilia jako zagro\u017cenie dla godno\u015bci cz\u0142owieka\u201d\u00a0 w Pracy zbiorowej pt. Rodzina Powo\u0142anie \u2013 Zadania- Zagro\u017cenia pod redakcj\u0105 Ks. prof. dr hab. Jana Zimnego Stalowa Wola 2014 r. Od 2016\u00a0 r. aplikant adwokacki i cz\u0142onek izby adwokackiej w Lublinie.\u00a0<\/span><\/p><p><span style=\"font-weight: 400;\">Prowadz\u0119 Kancelari\u0119 Adwokack\u0105 od pocz\u0105tku 2021 roku. Bogate do\u015bwiadczenie zawodowe zdobywa\u0142am jednak ju\u017c wcze\u015bniej, odbywaj\u0105c aplikacj\u0119 adwokack\u0105 oraz\u00a0 pracuj\u0105c jako asystent S\u0119dziego w\u00a0 S\u0105dzie Okr\u0119gowym w Lublinie, wsp\u00f3\u0142pracowa\u0142em r\u00f3wnie\u017c z Kancelariami Prawniczymi w Lublinie, Warszawie i Zamo\u015bciu.<\/span><\/p>\t\t\t\t\t\t\t\t<\/div>\n\t\t\t\t<\/div>\n\t\t\t\t\t<\/div>\n\t\t<\/div>\n\t\t\t\t\t<\/div>\n\t\t<\/section>\n\t\t\t\t<\/div>\n\t\t","protected":false},"excerpt":{"rendered":"O MNIE Adwokat Marek Mandela uko\u0144czy\u0142 Prawo na Katolickim Uniwersytecie Lubelskim Jana Paw\u0142a II w Lublinie. W 2015 r. by\u0142 Stypendyst\u0105 Stypendium Rektora Katolickiego Uniwersytetu\u00a0 Lubelskiego Jana Paw\u0142a II dla najlepszych student\u00f3w oraz Stypendyst\u0105 Studenckiego Stypendium Marsza\u0142ka Wojew\u00f3dztwa Lubelskiego w 2015 r. W 2013 r. i 2014 r. uczestniczy\u0142 w Mi\u0119dzynarodowym Programie Badawczo-Naukowym \u201eM\u0142odzi Naukowcy- [&hellip;]","protected":false},"author":1,"featured_media":0,"parent":0,"menu_order":0,"comment_status":"closed","ping_status":"closed","template":"elementor_header_footer","meta":{"om_disable_all_campaigns":false,"_monsterinsights_skip_tracking":false,"_monsterinsights_sitenote_active":false,"_monsterinsights_sitenote_note":"","_monsterinsights_sitenote_category":0,"footnotes":""},"class_list":["post-2765","page","type-page","status-publish","hentry"],"aioseo_notices":[],"_links":{"self":[{"href":"https:\/\/marekmandela.pl\/index.php?rest_route=\/wp\/v2\/pages\/2765","targetHints":{"allow":["GET"]}}],"collection":[{"href":"https:\/\/marekmandela.pl\/index.php?rest_route=\/wp\/v2\/pages"}],"about":[{"href":"https:\/\/marekmandela.pl\/index.php?rest_route=\/wp\/v2\/types\/page"}],"author":[{"embeddable":true,"href":"https:\/\/marekmandela.pl\/index.php?rest_route=\/wp\/v2\/users\/1"}],"replies":[{"embeddable":true,"href":"https:\/\/marekmandela.pl\/index.php?rest_route=%2Fwp%2Fv2%2Fcomments&post=2765"}],"version-history":[{"count":37,"href":"https:\/\/marekmandela.pl\/index.php?rest_route=\/wp\/v2\/pages\/2765\/revisions"}],"predecessor-version":[{"id":2819,"href":"https:\/\/marekmandela.pl\/index.php?rest_route=\/wp\/v2\/pages\/2765\/revisions\/2819"}],"wp:attachment":[{"href":"https:\/\/marekmandela.pl\/index.php?rest_route=%2Fwp%2Fv2%2Fmedia&parent=2765"}],"curies":[{"name":"wp","href":"https:\/\/api.w.org\/{rel}","templated":true}]}}